{"id":627,"date":"2025-06-12T06:48:21","date_gmt":"2025-06-12T06:48:21","guid":{"rendered":"https:\/\/quan13jeans.ckdaniel.com\/?page_id=627"},"modified":"2025-06-14T03:42:43","modified_gmt":"2025-06-14T03:42:43","slug":"bai-viet","status":"publish","type":"page","link":"https:\/\/quan13jeans.ckdaniel.com\/en\/bai-viet\/","title":{"rendered":"B\u00e0i vi\u1ebft"},"content":{"rendered":"<section class=\"section\" id=\"section_2126544901\">\n\t\t<div class=\"section-bg fill\" >\n\t\t\t\t\t\t\t\t\t\n\t\t\t\n\n\t\t<\/div>\n\n\t\t\n\n\t\t<div class=\"section-content relative\">\n\t\t\t\n\n<div class=\"row row-small\"  id=\"row-541791818\">\n\n\n\t<div id=\"col-1682468734\" class=\"col small-12 large-12\"  >\n\t\t\t\t<div class=\"col-inner\"  >\n\t\t\t\n\t\t\t\n\n\t<div id=\"text-3706008335\" class=\"text\">\n\t\t\n\n<p class=\"thin-font\" style=\"text-transform: uppercase !important;\"><span><span><a href=\"https:\/\/quan13jeans.ckdaniel.com\/en\/\">Trang ch\u1ee7<\/a><\/span><\/span>\n\t\t\n<style>\n#text-3706008335 {\n  font-size: 1.25rem;\n  line-height: 0.75;\n}\n<\/style>\n\t<\/div>\n\t\n\n\t\t<\/div>\n\t\t\t\t\t<\/div>\n\n\t\n\n<\/div>\n\n\t\t<\/div>\n\n\t\t\n<style>\n#section_2126544901 {\n  padding-top: 0px;\n  padding-bottom: 0px;\n}\n<\/style>\n\t<\/section>\n\t\n\n\t<section class=\"section\" id=\"section_1178814183\">\n\t\t<div class=\"section-bg fill\" >\n\t\t\t\t\t\t\t\t\t\n\t\t\t\n\n\t\t<\/div>\n\n\t\t\n\n\t\t<div class=\"section-content relative\">\n\t\t\t\n\n<div class=\"row row-small\"  id=\"row-1601400471\">\n\n\n\t<div id=\"col-1478413180\" class=\"col medium-7 small-12 large-7\"  >\n\t\t\t\t<div class=\"col-inner\"  >\n\t\t\t\n\t\t\t\n\n<div class=\"slider-wrapper relative\" id=\"slider-1238913474\" >\n    <div class=\"slider slider-nav-circle slider-nav-large slider-nav-light slider-style-normal\"\n        data-flickity-options='{            \"cellAlign\": \"center\",            \"imagesLoaded\": true,            \"lazyLoad\": 1,            \"freeScroll\": false,            \"wrapAround\": true,            \"autoPlay\": 6000,            \"pauseAutoPlayOnHover\" : true,            \"prevNextButtons\": true,            \"contain\" : true,            \"adaptiveHeight\" : true,            \"dragThreshold\" : 10,            \"percentPosition\": true,            \"pageDots\": true,            \"rightToLeft\": false,            \"draggable\": true,            \"selectedAttraction\": 0.1,            \"parallax\" : 0,            \"friction\": 0.6        }'\n        >\n        \n\n\t<div class=\"img has-hover x md-x lg-x y md-y lg-y\" id=\"image_373953057\">\n\t\t\t\t\t\t\t\t<div class=\"img-inner dark\" >\n\t\t\t<img fetchpriority=\"high\" decoding=\"async\" width=\"1020\" height=\"680\" src=\"https:\/\/quan13jeans.ckdaniel.com\/wp-content\/uploads\/2025\/06\/luca-bravo-9l_326FISzk-unsplash-1-1200x800.jpg\" class=\"attachment-large size-large\" alt=\"\" srcset=\"https:\/\/quan13jeans.ckdaniel.com\/wp-content\/uploads\/2025\/06\/luca-bravo-9l_326FISzk-unsplash-1-1200x800.jpg 1200w, https:\/\/quan13jeans.ckdaniel.com\/wp-content\/uploads\/2025\/06\/luca-bravo-9l_326FISzk-unsplash-1-600x400.jpg 600w, https:\/\/quan13jeans.ckdaniel.com\/wp-content\/uploads\/2025\/06\/luca-bravo-9l_326FISzk-unsplash-1-768x512.jpg 768w, https:\/\/quan13jeans.ckdaniel.com\/wp-content\/uploads\/2025\/06\/luca-bravo-9l_326FISzk-unsplash-1-18x12.jpg 18w, https:\/\/quan13jeans.ckdaniel.com\/wp-content\/uploads\/2025\/06\/luca-bravo-9l_326FISzk-unsplash-1-24x16.jpg 24w, https:\/\/quan13jeans.ckdaniel.com\/wp-content\/uploads\/2025\/06\/luca-bravo-9l_326FISzk-unsplash-1-36x24.jpg 36w, https:\/\/quan13jeans.ckdaniel.com\/wp-content\/uploads\/2025\/06\/luca-bravo-9l_326FISzk-unsplash-1-48x32.jpg 48w, https:\/\/quan13jeans.ckdaniel.com\/wp-content\/uploads\/2025\/06\/luca-bravo-9l_326FISzk-unsplash-1-510x340.jpg 510w, https:\/\/quan13jeans.ckdaniel.com\/wp-content\/uploads\/2025\/06\/luca-bravo-9l_326FISzk-unsplash-1-64x43.jpg 64w, https:\/\/quan13jeans.ckdaniel.com\/wp-content\/uploads\/2025\/06\/luca-bravo-9l_326FISzk-unsplash-1.jpg 1500w\" sizes=\"(max-width: 1020px) 100vw, 1020px\" \/>\t\t\t\t\t\t\n\t\t\t\t\t<\/div>\n\t\t\t\t\t\t\t\t\n<style>\n#image_373953057 {\n  width: 100%;\n}\n<\/style>\n\t<\/div>\n\t\n\n\t<div class=\"img has-hover x md-x lg-x y md-y lg-y\" id=\"image_1863022271\">\n\t\t\t\t\t\t\t\t<div class=\"img-inner dark\" >\n\t\t\t<img decoding=\"async\" width=\"1020\" height=\"680\" src=\"https:\/\/quan13jeans.ckdaniel.com\/wp-content\/uploads\/2025\/06\/lizzie-gKk9rpyDryU-unsplash-1200x800.jpg\" class=\"attachment-large size-large\" alt=\"\" srcset=\"https:\/\/quan13jeans.ckdaniel.com\/wp-content\/uploads\/2025\/06\/lizzie-gKk9rpyDryU-unsplash-1200x800.jpg 1200w, https:\/\/quan13jeans.ckdaniel.com\/wp-content\/uploads\/2025\/06\/lizzie-gKk9rpyDryU-unsplash-600x400.jpg 600w, https:\/\/quan13jeans.ckdaniel.com\/wp-content\/uploads\/2025\/06\/lizzie-gKk9rpyDryU-unsplash-768x512.jpg 768w, https:\/\/quan13jeans.ckdaniel.com\/wp-content\/uploads\/2025\/06\/lizzie-gKk9rpyDryU-unsplash-18x12.jpg 18w, https:\/\/quan13jeans.ckdaniel.com\/wp-content\/uploads\/2025\/06\/lizzie-gKk9rpyDryU-unsplash-24x16.jpg 24w, https:\/\/quan13jeans.ckdaniel.com\/wp-content\/uploads\/2025\/06\/lizzie-gKk9rpyDryU-unsplash-36x24.jpg 36w, https:\/\/quan13jeans.ckdaniel.com\/wp-content\/uploads\/2025\/06\/lizzie-gKk9rpyDryU-unsplash-48x32.jpg 48w, https:\/\/quan13jeans.ckdaniel.com\/wp-content\/uploads\/2025\/06\/lizzie-gKk9rpyDryU-unsplash-510x340.jpg 510w, https:\/\/quan13jeans.ckdaniel.com\/wp-content\/uploads\/2025\/06\/lizzie-gKk9rpyDryU-unsplash-64x43.jpg 64w, https:\/\/quan13jeans.ckdaniel.com\/wp-content\/uploads\/2025\/06\/lizzie-gKk9rpyDryU-unsplash.jpg 1500w\" sizes=\"(max-width: 1020px) 100vw, 1020px\" \/>\t\t\t\t\t\t\n\t\t\t\t\t<\/div>\n\t\t\t\t\t\t\t\t\n<style>\n#image_1863022271 {\n  width: 100%;\n}\n<\/style>\n\t<\/div>\n\t\n\n\n     <\/div>\n\n     <div class=\"loading-spin dark large centered\"><\/div>\n\n\t<\/div>\n\n\n\n\t\t<\/div>\n\t\t\t\t\t<\/div>\n\n\t\n\n\t<div id=\"col-610248091\" class=\"col medium-5 small-12 large-5\"  >\n\t\t\t\t<div class=\"col-inner\"  >\n\t\t\t\n\t\t\t\n\n<div class=\"row row-small row-full-width\"  id=\"row-2002126922\">\n\n\n\t<div id=\"col-883645631\" class=\"col small-12 large-12\"  >\n\t\t\t\t<div class=\"col-inner\"  >\n\t\t\t\n\t\t\t\n\n\t<div class=\"img has-hover x md-x lg-x y md-y lg-y\" id=\"image_1519827825\">\n\t\t\t\t\t\t\t\t<div class=\"img-inner image-cover dark\" style=\"padding-top:50%;\">\n\t\t\t<img decoding=\"async\" width=\"1020\" height=\"680\" src=\"https:\/\/quan13jeans.ckdaniel.com\/wp-content\/uploads\/2025\/06\/luke-chesser-vCF5sB7QecM-unsplash-1200x800.jpg\" class=\"attachment-large size-large\" alt=\"\" srcset=\"https:\/\/quan13jeans.ckdaniel.com\/wp-content\/uploads\/2025\/06\/luke-chesser-vCF5sB7QecM-unsplash-1200x800.jpg 1200w, https:\/\/quan13jeans.ckdaniel.com\/wp-content\/uploads\/2025\/06\/luke-chesser-vCF5sB7QecM-unsplash-600x400.jpg 600w, https:\/\/quan13jeans.ckdaniel.com\/wp-content\/uploads\/2025\/06\/luke-chesser-vCF5sB7QecM-unsplash-768x512.jpg 768w, https:\/\/quan13jeans.ckdaniel.com\/wp-content\/uploads\/2025\/06\/luke-chesser-vCF5sB7QecM-unsplash-18x12.jpg 18w, https:\/\/quan13jeans.ckdaniel.com\/wp-content\/uploads\/2025\/06\/luke-chesser-vCF5sB7QecM-unsplash-24x16.jpg 24w, https:\/\/quan13jeans.ckdaniel.com\/wp-content\/uploads\/2025\/06\/luke-chesser-vCF5sB7QecM-unsplash-36x24.jpg 36w, https:\/\/quan13jeans.ckdaniel.com\/wp-content\/uploads\/2025\/06\/luke-chesser-vCF5sB7QecM-unsplash-48x32.jpg 48w, https:\/\/quan13jeans.ckdaniel.com\/wp-content\/uploads\/2025\/06\/luke-chesser-vCF5sB7QecM-unsplash-510x340.jpg 510w, https:\/\/quan13jeans.ckdaniel.com\/wp-content\/uploads\/2025\/06\/luke-chesser-vCF5sB7QecM-unsplash-64x43.jpg 64w, https:\/\/quan13jeans.ckdaniel.com\/wp-content\/uploads\/2025\/06\/luke-chesser-vCF5sB7QecM-unsplash.jpg 1500w\" sizes=\"(max-width: 1020px) 100vw, 1020px\" \/>\t\t\t\t\t\t\n\t\t\t\t\t<\/div>\n\t\t\t\t\t\t\t\t\n<style>\n#image_1519827825 {\n  width: 100%;\n}\n<\/style>\n\t<\/div>\n\t\n\n\n\t\t<\/div>\n\t\t\t\t\t<\/div>\n\n\t\n\n\t<div id=\"col-213055376\" class=\"col small-12 large-12\"  >\n\t\t\t\t<div class=\"col-inner\"  >\n\t\t\t\n\t\t\t\n\n\t<div class=\"img has-hover x md-x lg-x y md-y lg-y\" id=\"image_1497624754\">\n\t\t\t\t\t\t\t\t<div class=\"img-inner image-cover dark\" style=\"padding-top:44%;\">\n\t\t\t<img loading=\"lazy\" decoding=\"async\" width=\"800\" height=\"800\" src=\"https:\/\/quan13jeans.ckdaniel.com\/wp-content\/uploads\/2025\/06\/anh-chup-that-lung-cho-nam-08-800x800.jpg\" class=\"attachment-large size-large\" alt=\"\" srcset=\"https:\/\/quan13jeans.ckdaniel.com\/wp-content\/uploads\/2025\/06\/anh-chup-that-lung-cho-nam-08-800x800.jpg 800w, https:\/\/quan13jeans.ckdaniel.com\/wp-content\/uploads\/2025\/06\/anh-chup-that-lung-cho-nam-08-400x400.jpg 400w, https:\/\/quan13jeans.ckdaniel.com\/wp-content\/uploads\/2025\/06\/anh-chup-that-lung-cho-nam-08-280x280.jpg 280w, https:\/\/quan13jeans.ckdaniel.com\/wp-content\/uploads\/2025\/06\/anh-chup-that-lung-cho-nam-08-768x768.jpg 768w, https:\/\/quan13jeans.ckdaniel.com\/wp-content\/uploads\/2025\/06\/anh-chup-that-lung-cho-nam-08-12x12.jpg 12w, https:\/\/quan13jeans.ckdaniel.com\/wp-content\/uploads\/2025\/06\/anh-chup-that-lung-cho-nam-08-24x24.jpg 24w, https:\/\/quan13jeans.ckdaniel.com\/wp-content\/uploads\/2025\/06\/anh-chup-that-lung-cho-nam-08-36x36.jpg 36w, https:\/\/quan13jeans.ckdaniel.com\/wp-content\/uploads\/2025\/06\/anh-chup-that-lung-cho-nam-08-48x48.jpg 48w, https:\/\/quan13jeans.ckdaniel.com\/wp-content\/uploads\/2025\/06\/anh-chup-that-lung-cho-nam-08-510x510.jpg 510w, https:\/\/quan13jeans.ckdaniel.com\/wp-content\/uploads\/2025\/06\/anh-chup-that-lung-cho-nam-08-100x100.jpg 100w, https:\/\/quan13jeans.ckdaniel.com\/wp-content\/uploads\/2025\/06\/anh-chup-that-lung-cho-nam-08-64x64.jpg 64w, https:\/\/quan13jeans.ckdaniel.com\/wp-content\/uploads\/2025\/06\/anh-chup-that-lung-cho-nam-08.jpg 1200w\" sizes=\"(max-width: 800px) 100vw, 800px\" \/>\t\t\t\t\t\t\n\t\t\t\t\t<\/div>\n\t\t\t\t\t\t\t\t\n<style>\n#image_1497624754 {\n  width: 100%;\n}\n<\/style>\n\t<\/div>\n\t\n\n\n\t\t<\/div>\n\t\t\t\t\n<style>\n#col-213055376 > .col-inner {\n  margin: 0px 0px 0px 0px;\n}\n<\/style>\n\t<\/div>\n\n\t\n\n<\/div>\n\n\t\t<\/div>\n\t\t\t\t\t<\/div>\n\n\t\n\n<\/div>\n<div class=\"row\"  id=\"row-538001711\">\n\n\n\t<div id=\"col-1979863928\" class=\"col medium-9 small-12 large-9\"  >\n\t\t\t\t<div class=\"col-inner\"  >\n\t\t\t\n\t\t\t\n\n<div class=\"row\"  id=\"row-1486071963\">\n\n\n\t<div id=\"col-1374138879\" class=\"col small-12 large-12\"  >\n\t\t\t\t<div class=\"col-inner\"  >\n\t\t\t\n\t\t\t\n\n<div class=\"container section-title-container\" ><h3 class=\"section-title section-title-bold\"><b aria-hidden=\"true\"><\/b><span class=\"section-title-main\" >M\u00f9a Xu\u00e2n H\u1ea1<\/span><b aria-hidden=\"true\"><\/b><\/h3><\/div>\n\n\n  \n    <div class=\"row large-columns-3 medium-columns- small-columns-1 has-shadow row-box-shadow-1\" >\n  <div class=\"col post-item\" >\n\t\t\t<div class=\"col-inner\">\n\t\t\t\t<div class=\"box box-vertical box-text-bottom box-blog-post has-hover\">\n          \t\t\t\t\t<div class=\"box-text text-center\" >\n\t\t\t\t\t<div class=\"box-text-inner blog-post-inner\">\n\n\t\t\t\t\t\n\t\t\t\t\t\t\t\t\t\t<h5 class=\"post-title is-larger uppercase\">\n\t\t\t\t\t\t<a href=\"https:\/\/quan13jeans.ckdaniel.com\/en\/phoi-do-ao-khoac-jeans-cho-mua-tuu-truong\/\" class=\"plain\">Ph\u1ed1i \u0111\u1ed3 \u00e1o kho\u00e1c Jeans cho m\u00f9a t\u1ef1u tr\u01b0\u1eddng<\/a>\n\t\t\t\t\t<\/h5>\n\t\t\t\t\t<div class=\"post-meta is-small op-8\">14 June, 2025<\/div>\t\t\t\t\t<div class=\"is-divider\"><\/div>\n\t\t\t\t\t\t\t\t\t\t<p class=\"from_the_blog_excerpt\">\n\t\t\t\t\t\t\t\t\t\t\t<\/p>\n\t\t\t\t\t                    \n\t\t\t\t\t\t\t\t\t\t\t<a href=\"https:\/\/quan13jeans.ckdaniel.com\/en\/phoi-do-ao-khoac-jeans-cho-mua-tuu-truong\/\" class=\"button  is-outline is-small mb-0\">\n\t\t\t\t\t\t\tRead More\t\t\t\t\t\t<\/a>\n\t\t\t\t\t\n\t\t\t\t\t\n\t\t\t\t\t<\/div>\n\t\t\t\t\t<\/div>\n\t\t\t\t\t\t\t\t\t<\/div>\n\t\t\t<\/div>\n\t\t<\/div><div class=\"col post-item\" >\n\t\t\t<div class=\"col-inner\">\n\t\t\t\t<div class=\"box box-vertical box-text-bottom box-blog-post has-hover\">\n          \t\t\t\t\t<div class=\"box-text text-center\" >\n\t\t\t\t\t<div class=\"box-text-inner blog-post-inner\">\n\n\t\t\t\t\t\n\t\t\t\t\t\t\t\t\t\t<h5 class=\"post-title is-larger uppercase\">\n\t\t\t\t\t\t<a href=\"https:\/\/quan13jeans.ckdaniel.com\/en\/gia-dinh\/\" class=\"plain\">N\u1ea5u \u0103n c\u00f9ng gia \u0111\u00ecnh<\/a>\n\t\t\t\t\t<\/h5>\n\t\t\t\t\t<div class=\"post-meta is-small op-8\">12 June, 2025<\/div>\t\t\t\t\t<div class=\"is-divider\"><\/div>\n\t\t\t\t\t\t\t\t\t\t<p class=\"from_the_blog_excerpt\">\n\t\t\t\t\t\t\t\t\t\t\t<\/p>\n\t\t\t\t\t                                            <p class=\"from_the_blog_comments uppercase is-xsmall\">\n                            1 Comments                        <\/p>\n                    \n\t\t\t\t\t\t\t\t\t\t\t<a href=\"https:\/\/quan13jeans.ckdaniel.com\/en\/gia-dinh\/\" class=\"button  is-outline is-small mb-0\">\n\t\t\t\t\t\t\tRead More\t\t\t\t\t\t<\/a>\n\t\t\t\t\t\n\t\t\t\t\t\n\t\t\t\t\t<\/div>\n\t\t\t\t\t<\/div>\n\t\t\t\t\t\t\t\t\t<\/div>\n\t\t\t<\/div>\n\t\t<\/div><\/div>\n\n<div class=\"row\"  id=\"row-44457058\">\n\n\n\t<div id=\"col-1823753704\" class=\"col small-12 large-12\"  >\n\t\t\t\t<div class=\"col-inner\"  >\n\t\t\t\n\t\t\t\n\n<a href=\"https:\/\/quan13jeans.ckdaniel.com\/en\/category\/mua-xuan-ha\/\" class=\"button alert is-shade is-small\" style=\"border-radius:99px;\">\n\t\t<span>Click me!<\/span>\n\t<i class=\"icon-angle-down\" aria-hidden=\"true\"><\/i><\/a>\n\n\n\n\t\t<\/div>\n\t\t\t\t\n<style>\n#col-1823753704 > .col-inner {\n  padding: 0px 0px 0px 350px;\n}\n<\/style>\n\t<\/div>\n\n\t\n\n<\/div>\n\n\t\t<\/div>\n\t\t\t\t\t<\/div>\n\n\t\n\n<\/div>\n<div class=\"row\"  id=\"row-1159190085\">\n\n\n\t<div id=\"col-1259980364\" class=\"col small-12 large-12\"  >\n\t\t\t\t<div class=\"col-inner\"  >\n\t\t\t\n\t\t\t\n\n<div class=\"container section-title-container\" ><h3 class=\"section-title section-title-bold\"><b aria-hidden=\"true\"><\/b><span class=\"section-title-main\" >M\u00f9a Thu \u0110\u00f4ng<\/span><b aria-hidden=\"true\"><\/b><\/h3><\/div>\n\n  <style>\n    #row-1872509283 .grid-col-1{height: 200px}\n    #row-1872509283 .grid-col-1-2{height: 100px}\n    #row-1872509283 .grid-col-1-3{height:66.666666666667px}\n    #row-1872509283 .grid-col-2-3{height: 133.33333333333px}\n    #row-1872509283 .grid-col-1-4{height: 50px}\n    #row-1872509283 .grid-col-3-4{height: 150px}\n\n\n        \/* Tablet *\/\n    @media (max-width: 850px){\n      #row-1872509283 .grid-col-1{height: 133.33333333333px}\n      #row-1872509283 .grid-col-1-2{height: 66.666666666667px}\n      #row-1872509283 .grid-col-1-3{height:44.444444444444px}\n      #row-1872509283 .grid-col-2-3{height: 88.888888888889px}\n      #row-1872509283 .grid-col-1-4{height: 33.333333333333px}\n      #row-1872509283 .grid-col-3-4{height: 100px}\n    }\n    \n        \/* Mobile *\/\n    @media (max-width: 550px){\n      #row-1872509283 .grid-col-1{height: 133.33333333333px}\n      #row-1872509283 .grid-col-1-2{height: 66.666666666667px}\n      #row-1872509283 .grid-col-1-3{height:44.444444444444px}\n      #row-1872509283 .grid-col-2-3{height: 88.888888888889px}\n      #row-1872509283 .grid-col-1-4{height: 33.333333333333px}\n      #row-1872509283 .grid-col-3-4{height: 100px}\n    }\n    \n\n  <\/style>\n  \n  \n    <div id=\"row-1872509283\" class=\"row row-small has-shadow row-box-shadow-1 row-grid\" data-packery-options='{\"itemSelector\": \".col\", \"gutter\": 0, \"presentageWidth\" : true}'>\n\n  <div class=\"col post-item grid-col grid-col-1 large-4 medium-6\" >\n\t\t\t<div class=\"col-inner\">\n\t\t\t\t<div class=\"box box-normal box-text-bottom box-blog-post has-hover\">\n          \t\t\t\t\t<div class=\"box-text text-center\" >\n\t\t\t\t\t<div class=\"box-text-inner blog-post-inner\">\n\n\t\t\t\t\t\n\t\t\t\t\t\t\t\t\t\t<h5 class=\"post-title is-larger uppercase\">\n\t\t\t\t\t\t<a href=\"https:\/\/quan13jeans.ckdaniel.com\/en\/5-cach-giat-quan-jean-moi-mua-khong-ra-mau-hieu-qua\/\" class=\"plain\">5 C\u00e1ch gi\u1eb7t qu\u1ea7n jean m\u1edbi mua kh\u00f4ng ra m\u00e0u hi\u1ec7u qu\u1ea3\u00a0<\/a>\n\t\t\t\t\t<\/h5>\n\t\t\t\t\t<div class=\"post-meta is-small op-8\">14 June, 2025<\/div>\t\t\t\t\t<div class=\"is-divider\"><\/div>\n\t\t\t\t\t\t\t\t\t\t<p class=\"from_the_blog_excerpt\">\n\t\t\t\t\t\t\t\t\t\t\t<\/p>\n\t\t\t\t\t                    \n\t\t\t\t\t\t\t\t\t\t\t<a href=\"https:\/\/quan13jeans.ckdaniel.com\/en\/5-cach-giat-quan-jean-moi-mua-khong-ra-mau-hieu-qua\/\" class=\"button  is-outline is-small mb-0\">\n\t\t\t\t\t\t\tRead More\t\t\t\t\t\t<\/a>\n\t\t\t\t\t\n\t\t\t\t\t\n\t\t\t\t\t<\/div>\n\t\t\t\t\t<\/div>\n\t\t\t\t\t\t\t\t\t<\/div>\n\t\t\t<\/div>\n\t\t<\/div><\/div>\n\n<div class=\"row\"  id=\"row-383523894\">\n\n\n\t<div id=\"col-1754871315\" class=\"col small-12 large-12\"  >\n\t\t\t\t<div class=\"col-inner\"  >\n\t\t\t\n\t\t\t\n\n<a href=\"https:\/\/quan13jeans.ckdaniel.com\/en\/category\/mua-thu-dong\/\" class=\"button alert is-shade is-small\" style=\"border-radius:99px;\">\n\t\t<span>Click me!<\/span>\n\t<i class=\"icon-angle-down\" aria-hidden=\"true\"><\/i><\/a>\n\n\n\n\t\t<\/div>\n\t\t\t\t\n<style>\n#col-1754871315 > .col-inner {\n  padding: 0px 0px 0px 350px;\n}\n<\/style>\n\t<\/div>\n\n\t\n\n<\/div>\n\n\t\t<\/div>\n\t\t\t\t\t<\/div>\n\n\t\n\n<\/div>\n\n\t\t<\/div>\n\t\t\t\t\n<style>\n#col-1979863928 > .col-inner {\n  margin: 0px 0px 0px 0px;\n}\n<\/style>\n\t<\/div>\n\n\t\n\n\t<div id=\"col-568311589\" class=\"col medium-3 small-12 large-3\"  >\n\t\t\t\t<div class=\"col-inner\"  >\n\t\t\t\n\t\t\t\n\n<ul class=\"sidebar-wrapper ul-reset\"><aside id=\"recent-posts-9\" class=\"widget widget_recent_entries\">\n\t\t<span class=\"widget-title\"><span>B\u00e0i vi\u1ebft m\u1edbi<\/span><\/span><div class=\"is-divider small\"><\/div>\n\t\t<ul>\n\t\t\t\t\t\t\t\t\t\t\t<li>\n\t\t\t\t\t<a href=\"https:\/\/quan13jeans.ckdaniel.com\/en\/phoi-do-ao-khoac-jeans-cho-mua-tuu-truong\/\">Ph\u1ed1i \u0111\u1ed3 \u00e1o kho\u00e1c Jeans cho m\u00f9a t\u1ef1u tr\u01b0\u1eddng<\/a>\n\t\t\t\t\t\t\t\t\t\t\t<span class=\"post-date\">14 June, 2025<\/span>\n\t\t\t\t\t\t\t\t\t<\/li>\n\t\t\t\t\t\t\t\t\t\t\t<li>\n\t\t\t\t\t<a href=\"https:\/\/quan13jeans.ckdaniel.com\/en\/5-cach-giat-quan-jean-moi-mua-khong-ra-mau-hieu-qua\/\">5 C\u00e1ch gi\u1eb7t qu\u1ea7n jean m\u1edbi mua kh\u00f4ng ra m\u00e0u hi\u1ec7u qu\u1ea3\u00a0<\/a>\n\t\t\t\t\t\t\t\t\t\t\t<span class=\"post-date\">14 June, 2025<\/span>\n\t\t\t\t\t\t\t\t\t<\/li>\n\t\t\t\t\t\t\t\t\t\t\t<li>\n\t\t\t\t\t<a href=\"https:\/\/quan13jeans.ckdaniel.com\/en\/gia-dinh\/\">N\u1ea5u \u0103n c\u00f9ng gia \u0111\u00ecnh<\/a>\n\t\t\t\t\t\t\t\t\t\t\t<span class=\"post-date\">12 June, 2025<\/span>\n\t\t\t\t\t\t\t\t\t<\/li>\n\t\t\t\t\t<\/ul>\n\n\t\t<\/aside><aside id=\"recent-comments-5\" class=\"widget widget_recent_comments\"><span class=\"widget-title\"><span>B\u00ecnh lu\u1eadn g\u1ea7n \u0111\u00e2y<\/span><\/span><div class=\"is-divider small\"><\/div><ul id=\"recentcomments\"><li class=\"recentcomments\"><span class=\"comment-author-link\"><a href=\"https:\/\/quan13jeans.ckdaniel.com\/en\/\" class=\"url\" rel=\"ugc\">huynhthanhtin1304@gmail.com<\/a><\/span> on <a href=\"https:\/\/quan13jeans.ckdaniel.com\/en\/gia-dinh\/#comment-2\">N\u1ea5u \u0103n c\u00f9ng gia \u0111\u00ecnh<\/a><\/li><li class=\"recentcomments\"><span class=\"comment-author-link\"><a href=\"https:\/\/vi.wordpress.org\/\" class=\"url\" rel=\"ugc external nofollow\">M\u1ed9t ng\u01b0\u1eddi b\u00ecnh lu\u1eadn WordPress<\/a><\/span> on <a href=\"https:\/\/quan13jeans.ckdaniel.com\/en\/chao-moi-nguoi\/#comment-1\">Ch\u00e0o t\u1ea5t c\u1ea3 m\u1ecdi ng\u01b0\u1eddi!<\/a><\/li><\/ul><\/aside><aside id=\"media_video-3\" class=\"widget widget_media_video\"><span class=\"widget-title\"><span>Video blog<\/span><\/span><div class=\"is-divider small\"><\/div><iframe title=\"Ch\u1ec9 125K Mang \u00c1o Trung Ni\u00ean \u0110\u1eb9p V\u1ec1 Nh\u00e0\" src=\"https:\/\/www.youtube.com\/embed\/4BJL5oCajQc?feature=oembed\" frameborder=\"0\" allow=\"accelerometer; autoplay; clipboard-write; encrypted-media; gyroscope; picture-in-picture; web-share\" referrerpolicy=\"strict-origin-when-cross-origin\" allowfullscreen><\/iframe><\/aside><\/ul>\n\n\n\t\t<\/div>\n\t\t\t\t\n<style>\n#col-568311589 > .col-inner {\n  margin: 0px 0px 0px 5px;\n}\n<\/style>\n\t<\/div>\n\n\t\n\n<\/div>\n\n\t\t<\/div>\n\n\t\t\n<style>\n#section_1178814183 {\n  padding-top: 30px;\n  padding-bottom: 30px;\n}\n<\/style>\n\t<\/section>","protected":false},"excerpt":{"rendered":"","protected":false},"author":1,"featured_media":0,"parent":0,"menu_order":0,"comment_status":"closed","ping_status":"closed","template":"","meta":{"_acf_changed":false,"footnotes":""},"class_list":["post-627","page","type-page","status-publish","hentry"],"acf":[],"yoast_head":"<!-- This site is optimized with the Yoast SEO plugin v25.3 - https:\/\/yoast.com\/wordpress\/plugins\/seo\/ -->\n<title>B\u00e0i vi\u1ebft - CkDaniel<\/title>\n<meta name=\"robots\" content=\"index, follow, max-snippet:-1, max-image-preview:large, max-video-preview:-1\" \/>\n<link rel=\"canonical\" href=\"https:\/\/quan13jeans.ckdaniel.com\/en\/bai-viet\/\" \/>\n<meta property=\"og:locale\" content=\"en_US\" \/>\n<meta property=\"og:type\" content=\"article\" \/>\n<meta property=\"og:title\" content=\"B\u00e0i vi\u1ebft - CkDaniel\" \/>\n<meta property=\"og:url\" content=\"https:\/\/quan13jeans.ckdaniel.com\/en\/bai-viet\/\" \/>\n<meta property=\"og:site_name\" content=\"CkDaniel\" \/>\n<meta property=\"article:modified_time\" content=\"2025-06-14T03:42:43+00:00\" \/>\n<meta name=\"twitter:card\" content=\"summary_large_image\" \/>\n<script type=\"application\/ld+json\" class=\"yoast-schema-graph\">{\"@context\":\"https:\/\/schema.org\",\"@graph\":[{\"@type\":\"WebPage\",\"@id\":\"https:\/\/quan13jeans.ckdaniel.com\/bai-viet\/\",\"url\":\"https:\/\/quan13jeans.ckdaniel.com\/bai-viet\/\",\"name\":\"B\u00e0i vi\u1ebft - CkDaniel\",\"isPartOf\":{\"@id\":\"https:\/\/quan13jeans.ckdaniel.com\/#website\"},\"datePublished\":\"2025-06-12T06:48:21+00:00\",\"dateModified\":\"2025-06-14T03:42:43+00:00\",\"breadcrumb\":{\"@id\":\"https:\/\/quan13jeans.ckdaniel.com\/bai-viet\/#breadcrumb\"},\"inLanguage\":\"en-US\",\"potentialAction\":[{\"@type\":\"ReadAction\",\"target\":[\"https:\/\/quan13jeans.ckdaniel.com\/bai-viet\/\"]}]},{\"@type\":\"BreadcrumbList\",\"@id\":\"https:\/\/quan13jeans.ckdaniel.com\/bai-viet\/#breadcrumb\",\"itemListElement\":[{\"@type\":\"ListItem\",\"position\":1,\"name\":\"Trang ch\u1ee7\",\"item\":\"https:\/\/quan13jeans.ckdaniel.com\/\"},{\"@type\":\"ListItem\",\"position\":2,\"name\":\"B\u00e0i vi\u1ebft\"}]},{\"@type\":\"WebSite\",\"@id\":\"https:\/\/quan13jeans.ckdaniel.com\/#website\",\"url\":\"https:\/\/quan13jeans.ckdaniel.com\/\",\"name\":\"CkDaniel\",\"description\":\"\",\"potentialAction\":[{\"@type\":\"SearchAction\",\"target\":{\"@type\":\"EntryPoint\",\"urlTemplate\":\"https:\/\/quan13jeans.ckdaniel.com\/?s={search_term_string}\"},\"query-input\":{\"@type\":\"PropertyValueSpecification\",\"valueRequired\":true,\"valueName\":\"search_term_string\"}}],\"inLanguage\":\"en-US\"}]}<\/script>\n<!-- \/ Yoast SEO plugin. -->","yoast_head_json":{"title":"B\u00e0i vi\u1ebft - CkDaniel","robots":{"index":"index","follow":"follow","max-snippet":"max-snippet:-1","max-image-preview":"max-image-preview:large","max-video-preview":"max-video-preview:-1"},"canonical":"https:\/\/quan13jeans.ckdaniel.com\/en\/bai-viet\/","og_locale":"en_US","og_type":"article","og_title":"B\u00e0i vi\u1ebft - CkDaniel","og_url":"https:\/\/quan13jeans.ckdaniel.com\/en\/bai-viet\/","og_site_name":"CkDaniel","article_modified_time":"2025-06-14T03:42:43+00:00","twitter_card":"summary_large_image","schema":{"@context":"https:\/\/schema.org","@graph":[{"@type":"WebPage","@id":"https:\/\/quan13jeans.ckdaniel.com\/bai-viet\/","url":"https:\/\/quan13jeans.ckdaniel.com\/bai-viet\/","name":"B\u00e0i vi\u1ebft - CkDaniel","isPartOf":{"@id":"https:\/\/quan13jeans.ckdaniel.com\/#website"},"datePublished":"2025-06-12T06:48:21+00:00","dateModified":"2025-06-14T03:42:43+00:00","breadcrumb":{"@id":"https:\/\/quan13jeans.ckdaniel.com\/bai-viet\/#breadcrumb"},"inLanguage":"en-US","potentialAction":[{"@type":"ReadAction","target":["https:\/\/quan13jeans.ckdaniel.com\/bai-viet\/"]}]},{"@type":"BreadcrumbList","@id":"https:\/\/quan13jeans.ckdaniel.com\/bai-viet\/#breadcrumb","itemListElement":[{"@type":"ListItem","position":1,"name":"Trang ch\u1ee7","item":"https:\/\/quan13jeans.ckdaniel.com\/"},{"@type":"ListItem","position":2,"name":"B\u00e0i vi\u1ebft"}]},{"@type":"WebSite","@id":"https:\/\/quan13jeans.ckdaniel.com\/#website","url":"https:\/\/quan13jeans.ckdaniel.com\/","name":"CkDaniel","description":"","potentialAction":[{"@type":"SearchAction","target":{"@type":"EntryPoint","urlTemplate":"https:\/\/quan13jeans.ckdaniel.com\/?s={search_term_string}"},"query-input":{"@type":"PropertyValueSpecification","valueRequired":true,"valueName":"search_term_string"}}],"inLanguage":"en-US"}]}},"jetpack_sharing_enabled":true,"_links":{"self":[{"href":"https:\/\/quan13jeans.ckdaniel.com\/en\/wp-json\/wp\/v2\/pages\/627","targetHints":{"allow":["GET"]}}],"collection":[{"href":"https:\/\/quan13jeans.ckdaniel.com\/en\/wp-json\/wp\/v2\/pages"}],"about":[{"href":"https:\/\/quan13jeans.ckdaniel.com\/en\/wp-json\/wp\/v2\/types\/page"}],"author":[{"embeddable":true,"href":"https:\/\/quan13jeans.ckdaniel.com\/en\/wp-json\/wp\/v2\/users\/1"}],"replies":[{"embeddable":true,"href":"https:\/\/quan13jeans.ckdaniel.com\/en\/wp-json\/wp\/v2\/comments?post=627"}],"version-history":[{"count":22,"href":"https:\/\/quan13jeans.ckdaniel.com\/en\/wp-json\/wp\/v2\/pages\/627\/revisions"}],"predecessor-version":[{"id":763,"href":"https:\/\/quan13jeans.ckdaniel.com\/en\/wp-json\/wp\/v2\/pages\/627\/revisions\/763"}],"wp:attachment":[{"href":"https:\/\/quan13jeans.ckdaniel.com\/en\/wp-json\/wp\/v2\/media?parent=627"}],"curies":[{"name":"wp","href":"https:\/\/api.w.org\/{rel}","templated":true}]}}