{"id":480,"date":"2025-06-11T09:01:27","date_gmt":"2025-06-11T09:01:27","guid":{"rendered":"https:\/\/quan13jeans.ckdaniel.com\/?post_type=product&#038;p=480"},"modified":"2025-06-16T03:26:48","modified_gmt":"2025-06-16T03:26:48","slug":"quan-short-thun","status":"publish","type":"product","link":"https:\/\/quan13jeans.ckdaniel.com\/en\/product\/quan-short-thun\/","title":{"rendered":"Qu\u1ea7n short thun"},"content":{"rendered":"<h3><strong>M\u1eabu qu\u1ea7n short thun n\u0103ng \u0111\u1ed9ng, d\u1ec5 ph\u1ed1i \u0111\u1ed3<\/strong><\/h3>\n<p>&nbsp;<\/p>\n<p dir=\"ltr\"><strong>Lados cam k\u1ebft:<\/strong><\/p>\n<p dir=\"ltr\">+ 100% h\u00ecnh \u1ea3nh s\u1ea3n ph\u1ea9m do Lados t\u1ef1 ch\u1ee5p, ho\u00e0n ti\u1ec1n n\u1ebfu s\u1ea3n ph\u1ea9m kh\u00f4ng gi\u1ed1ng m\u00f4 t\u1ea3.<\/p>\n<p dir=\"ltr\">+ Mi\u1ec5n ph\u00ed v\u1eadn chuy\u1ec3n to\u00e0n qu\u1ed1c cho \u0111\u01a1n h\u00e0ng t\u1eeb 245.000 VN\u0110.<\/p>\n<p dir=\"ltr\">+ \u0110\u01b0\u1ee3c ki\u1ec3m tra h\u00e0ng tr\u01b0\u1edbc khi nh\u1eadn v\u00e0 thanh to\u00e1n.<\/p>\n<p dir=\"ltr\">+ \u0110\u1ed5i tr\u1ea3 s\u1ea3n ph\u1ea9m trong 7 ng\u00e0y k\u1ec3 t\u1eeb khi mua (s\u1ea3n ph\u1ea9m ch\u01b0a qua s\u1eed d\u1ee5ng, c\u00f2n nguy\u00ean tem m\u00e1c).<\/p>\n<p dir=\"ltr\"><strong>Quy tr\u00ecnh mua h\u00e0ng:<\/strong><\/p>\n<p dir=\"ltr\">+ Nh\u1eadn \u0111\u1eb7t h\u00e0ng qua website ho\u1eb7c \u0111i\u1ec7n tho\u1ea1i.<\/p>\n<p dir=\"ltr\">+ Nh\u00e2n vi\u00ean Lados g\u1ecdi cho kh\u00e1ch h\u00e0ng \u0111\u1ec3 x\u00e1c nh\u1eadn \u0111\u01a1n h\u00e0ng.<\/p>\n<p dir=\"ltr\">+ Giao h\u00e0ng th\u00f4ng qua c\u00e1c \u0111\u01a1n v\u1ecb v\u1eadn chuy\u1ec3n.<\/p>\n<p dir=\"ltr\">+ Kh\u00e1ch h\u00e0ng ki\u1ec3m tra h\u00e0ng khi nh\u1eadn h\u00e0ng.<\/p>","protected":false},"excerpt":{"rendered":"<h3><strong>M\u1eabu qu\u1ea7n short thun n\u0103ng \u0111\u1ed9ng, d\u1ec5 ph\u1ed1i \u0111\u1ed3<\/strong><\/h3>","protected":false},"featured_media":485,"comment_status":"open","ping_status":"closed","template":"","meta":{"_acf_changed":false},"product_brand":[95],"product_cat":[97,24,93,87],"product_tag":[75,98,100,99],"class_list":{"0":"post-480","1":"product","2":"type-product","3":"status-publish","4":"has-post-thumbnail","6":"product_brand-danjones","7":"product_cat-dang-slim-fit","8":"product_cat-men","9":"product_cat-quan-jeans","10":"product_cat-tat-ca","11":"product_tag-men","12":"product_tag-quan","13":"product_tag-quan-short","14":"product_tag-quan-thun","15":"pa_mau-sac-cam","16":"pa_mau-sac-do","18":"first","19":"instock","20":"shipping-taxable","21":"purchasable","22":"product-type-variable"},"acf":[],"yoast_head":"<!-- This site is optimized with the Yoast SEO plugin v25.3 - https:\/\/yoast.com\/wordpress\/plugins\/seo\/ -->\n<title>Qu\u1ea7n short thun - CkDaniel<\/title>\n<meta name=\"robots\" content=\"index, follow, max-snippet:-1, max-image-preview:large, max-video-preview:-1\" \/>\n<link rel=\"canonical\" href=\"https:\/\/quan13jeans.ckdaniel.com\/en\/product\/quan-short-thun\/\" \/>\n<meta property=\"og:locale\" content=\"en_US\" \/>\n<meta property=\"og:type\" content=\"article\" \/>\n<meta property=\"og:title\" content=\"Qu\u1ea7n short thun - CkDaniel\" \/>\n<meta property=\"og:description\" content=\"M\u1eabu qu\u1ea7n short thun n\u0103ng \u0111\u1ed9ng, d\u1ec5 ph\u1ed1i \u0111\u1ed3\" \/>\n<meta property=\"og:url\" content=\"https:\/\/quan13jeans.ckdaniel.com\/en\/product\/quan-short-thun\/\" \/>\n<meta property=\"og:site_name\" content=\"CkDaniel\" \/>\n<meta property=\"article:modified_time\" content=\"2025-06-16T03:26:48+00:00\" \/>\n<meta property=\"og:image\" content=\"https:\/\/quan13jeans.ckdaniel.com\/wp-content\/uploads\/2025\/06\/IMG_0707-scaled.jpg\" \/>\n\t<meta property=\"og:image:width\" content=\"2560\" \/>\n\t<meta property=\"og:image:height\" content=\"1707\" \/>\n\t<meta property=\"og:image:type\" content=\"image\/jpeg\" \/>\n<meta name=\"twitter:card\" content=\"summary_large_image\" \/>\n<meta name=\"twitter:label1\" content=\"Est. reading time\" \/>\n\t<meta name=\"twitter:data1\" content=\"1 minute\" \/>\n<script type=\"application\/ld+json\" class=\"yoast-schema-graph\">{\"@context\":\"https:\/\/schema.org\",\"@graph\":[{\"@type\":\"WebPage\",\"@id\":\"https:\/\/quan13jeans.ckdaniel.com\/san-pham\/quan-short-thun\/\",\"url\":\"https:\/\/quan13jeans.ckdaniel.com\/san-pham\/quan-short-thun\/\",\"name\":\"Qu\u1ea7n short thun - CkDaniel\",\"isPartOf\":{\"@id\":\"https:\/\/quan13jeans.ckdaniel.com\/#website\"},\"primaryImageOfPage\":{\"@id\":\"https:\/\/quan13jeans.ckdaniel.com\/san-pham\/quan-short-thun\/#primaryimage\"},\"image\":{\"@id\":\"https:\/\/quan13jeans.ckdaniel.com\/san-pham\/quan-short-thun\/#primaryimage\"},\"thumbnailUrl\":\"https:\/\/quan13jeans.ckdaniel.com\/wp-content\/uploads\/2025\/06\/IMG_0707-scaled.jpg\",\"datePublished\":\"2025-06-11T09:01:27+00:00\",\"dateModified\":\"2025-06-16T03:26:48+00:00\",\"breadcrumb\":{\"@id\":\"https:\/\/quan13jeans.ckdaniel.com\/san-pham\/quan-short-thun\/#breadcrumb\"},\"inLanguage\":\"en-US\",\"potentialAction\":[{\"@type\":\"ReadAction\",\"target\":[\"https:\/\/quan13jeans.ckdaniel.com\/san-pham\/quan-short-thun\/\"]}]},{\"@type\":\"ImageObject\",\"inLanguage\":\"en-US\",\"@id\":\"https:\/\/quan13jeans.ckdaniel.com\/san-pham\/quan-short-thun\/#primaryimage\",\"url\":\"https:\/\/quan13jeans.ckdaniel.com\/wp-content\/uploads\/2025\/06\/IMG_0707-scaled.jpg\",\"contentUrl\":\"https:\/\/quan13jeans.ckdaniel.com\/wp-content\/uploads\/2025\/06\/IMG_0707-scaled.jpg\",\"width\":2560,\"height\":1707},{\"@type\":\"BreadcrumbList\",\"@id\":\"https:\/\/quan13jeans.ckdaniel.com\/san-pham\/quan-short-thun\/#breadcrumb\",\"itemListElement\":[{\"@type\":\"ListItem\",\"position\":1,\"name\":\"Trang ch\u1ee7\",\"item\":\"https:\/\/quan13jeans.ckdaniel.com\/\"},{\"@type\":\"ListItem\",\"position\":2,\"name\":\"Shop Denim\",\"item\":\"https:\/\/quan13jeans.ckdaniel.com\/shop\/\"},{\"@type\":\"ListItem\",\"position\":3,\"name\":\"Qu\u1ea7n short thun\"}]},{\"@type\":\"WebSite\",\"@id\":\"https:\/\/quan13jeans.ckdaniel.com\/#website\",\"url\":\"https:\/\/quan13jeans.ckdaniel.com\/\",\"name\":\"CkDaniel\",\"description\":\"\",\"potentialAction\":[{\"@type\":\"SearchAction\",\"target\":{\"@type\":\"EntryPoint\",\"urlTemplate\":\"https:\/\/quan13jeans.ckdaniel.com\/?s={search_term_string}\"},\"query-input\":{\"@type\":\"PropertyValueSpecification\",\"valueRequired\":true,\"valueName\":\"search_term_string\"}}],\"inLanguage\":\"en-US\"}]}<\/script>\n<!-- \/ Yoast SEO plugin. -->","yoast_head_json":{"title":"Qu\u1ea7n short thun - CkDaniel","robots":{"index":"index","follow":"follow","max-snippet":"max-snippet:-1","max-image-preview":"max-image-preview:large","max-video-preview":"max-video-preview:-1"},"canonical":"https:\/\/quan13jeans.ckdaniel.com\/en\/product\/quan-short-thun\/","og_locale":"en_US","og_type":"article","og_title":"Qu\u1ea7n short thun - CkDaniel","og_description":"M\u1eabu qu\u1ea7n short thun n\u0103ng \u0111\u1ed9ng, d\u1ec5 ph\u1ed1i \u0111\u1ed3","og_url":"https:\/\/quan13jeans.ckdaniel.com\/en\/product\/quan-short-thun\/","og_site_name":"CkDaniel","article_modified_time":"2025-06-16T03:26:48+00:00","og_image":[{"width":2560,"height":1707,"url":"https:\/\/quan13jeans.ckdaniel.com\/wp-content\/uploads\/2025\/06\/IMG_0707-scaled.jpg","type":"image\/jpeg"}],"twitter_card":"summary_large_image","twitter_misc":{"Est. reading time":"1 minute"},"schema":{"@context":"https:\/\/schema.org","@graph":[{"@type":"WebPage","@id":"https:\/\/quan13jeans.ckdaniel.com\/san-pham\/quan-short-thun\/","url":"https:\/\/quan13jeans.ckdaniel.com\/san-pham\/quan-short-thun\/","name":"Qu\u1ea7n short thun - CkDaniel","isPartOf":{"@id":"https:\/\/quan13jeans.ckdaniel.com\/#website"},"primaryImageOfPage":{"@id":"https:\/\/quan13jeans.ckdaniel.com\/san-pham\/quan-short-thun\/#primaryimage"},"image":{"@id":"https:\/\/quan13jeans.ckdaniel.com\/san-pham\/quan-short-thun\/#primaryimage"},"thumbnailUrl":"https:\/\/quan13jeans.ckdaniel.com\/wp-content\/uploads\/2025\/06\/IMG_0707-scaled.jpg","datePublished":"2025-06-11T09:01:27+00:00","dateModified":"2025-06-16T03:26:48+00:00","breadcrumb":{"@id":"https:\/\/quan13jeans.ckdaniel.com\/san-pham\/quan-short-thun\/#breadcrumb"},"inLanguage":"en-US","potentialAction":[{"@type":"ReadAction","target":["https:\/\/quan13jeans.ckdaniel.com\/san-pham\/quan-short-thun\/"]}]},{"@type":"ImageObject","inLanguage":"en-US","@id":"https:\/\/quan13jeans.ckdaniel.com\/san-pham\/quan-short-thun\/#primaryimage","url":"https:\/\/quan13jeans.ckdaniel.com\/wp-content\/uploads\/2025\/06\/IMG_0707-scaled.jpg","contentUrl":"https:\/\/quan13jeans.ckdaniel.com\/wp-content\/uploads\/2025\/06\/IMG_0707-scaled.jpg","width":2560,"height":1707},{"@type":"BreadcrumbList","@id":"https:\/\/quan13jeans.ckdaniel.com\/san-pham\/quan-short-thun\/#breadcrumb","itemListElement":[{"@type":"ListItem","position":1,"name":"Trang ch\u1ee7","item":"https:\/\/quan13jeans.ckdaniel.com\/"},{"@type":"ListItem","position":2,"name":"Shop Denim","item":"https:\/\/quan13jeans.ckdaniel.com\/shop\/"},{"@type":"ListItem","position":3,"name":"Qu\u1ea7n short thun"}]},{"@type":"WebSite","@id":"https:\/\/quan13jeans.ckdaniel.com\/#website","url":"https:\/\/quan13jeans.ckdaniel.com\/","name":"CkDaniel","description":"","potentialAction":[{"@type":"SearchAction","target":{"@type":"EntryPoint","urlTemplate":"https:\/\/quan13jeans.ckdaniel.com\/?s={search_term_string}"},"query-input":{"@type":"PropertyValueSpecification","valueRequired":true,"valueName":"search_term_string"}}],"inLanguage":"en-US"}]}},"jetpack_sharing_enabled":true,"_links":{"self":[{"href":"https:\/\/quan13jeans.ckdaniel.com\/en\/wp-json\/wp\/v2\/product\/480","targetHints":{"allow":["GET"]}}],"collection":[{"href":"https:\/\/quan13jeans.ckdaniel.com\/en\/wp-json\/wp\/v2\/product"}],"about":[{"href":"https:\/\/quan13jeans.ckdaniel.com\/en\/wp-json\/wp\/v2\/types\/product"}],"replies":[{"embeddable":true,"href":"https:\/\/quan13jeans.ckdaniel.com\/en\/wp-json\/wp\/v2\/comments?post=480"}],"wp:featuredmedia":[{"embeddable":true,"href":"https:\/\/quan13jeans.ckdaniel.com\/en\/wp-json\/wp\/v2\/media\/485"}],"wp:attachment":[{"href":"https:\/\/quan13jeans.ckdaniel.com\/en\/wp-json\/wp\/v2\/media?parent=480"}],"wp:term":[{"taxonomy":"product_brand","embeddable":true,"href":"https:\/\/quan13jeans.ckdaniel.com\/en\/wp-json\/wp\/v2\/product_brand?post=480"},{"taxonomy":"product_cat","embeddable":true,"href":"https:\/\/quan13jeans.ckdaniel.com\/en\/wp-json\/wp\/v2\/product_cat?post=480"},{"taxonomy":"product_tag","embeddable":true,"href":"https:\/\/quan13jeans.ckdaniel.com\/en\/wp-json\/wp\/v2\/product_tag?post=480"}],"curies":[{"name":"wp","href":"https:\/\/api.w.org\/{rel}","templated":true}]}}